{"id":3305,"date":"2022-04-14T11:54:09","date_gmt":"2022-04-14T11:54:09","guid":{"rendered":"https:\/\/experientialsynapse.com\/?page_id=3305"},"modified":"2022-08-04T16:01:47","modified_gmt":"2022-08-04T13:01:47","slug":"marian-zamfirescu-ro","status":"publish","type":"page","link":"https:\/\/experientialsynapse.com\/index.php\/ro\/marian-zamfirescu-ro\/","title":{"rendered":"MARIAN ZAMFIRESCU | ro"},"content":{"rendered":"<div class=\"fusion-fullwidth fullwidth-box fusion-builder-row-1 fusion-flex-container fusion-parallax-none nonhundred-percent-fullwidth non-hundred-percent-height-scrolling lazyload\" style=\"background-color: #000000;background-image:linear-gradient(148deg, #000000 62%,rgba(0,0,0,0.7) 87%);background-position: center bottom;background-repeat: no-repeat;border-width: 0px 0px 0px 0px;border-color:#e2e2e2;border-style:solid;-webkit-background-size:cover;-moz-background-size:cover;-o-background-size:cover;background-size:cover;\" data-bg=\"https:\/\/experientialsynapse.com\/wp-content\/uploads\/2022\/02\/Untitled-design-13-300x189.png\" data-bg-gradient=\"linear-gradient(148deg, #000000 62%,rgba(0,0,0,0.7) 87%)\" ><div class=\"fusion-builder-row fusion-row fusion-flex-align-items-stretch\" style=\"max-width:1248px;margin-left: calc(-4% \/ 2 );margin-right: calc(-4% \/ 2 );\"><div class=\"fusion-layout-column fusion_builder_column fusion-builder-column-0 fusion_builder_column_1_3 1_3 fusion-flex-column fusion-animated\" data-animationType=\"fadeInRight\" data-animationDuration=\"1.3\" data-animationOffset=\"top-into-view\"><div class=\"fusion-column-wrapper fusion-flex-justify-content-center fusion-content-layout-column\" style=\"background-position:center center;background-blend-mode: multiply;background-repeat:no-repeat;-webkit-background-size:cover;-moz-background-size:cover;-o-background-size:cover;background-size:cover;padding: 0px 0px 0px 0px;\"><div style=\"text-align:center;\"><span class=\" fusion-imageframe imageframe-none imageframe-1 hover-type-none\"><img decoding=\"async\" width=\"511\" height=\"516\" title=\"MARIAN ZAMFIRESCU 2\" src=\"https:\/\/experientialsynapse.com\/wp-content\/uploads\/2022\/04\/MARIAN-ZAMFIRESCU-2.png\" data-orig-src=\"https:\/\/experientialsynapse.com\/wp-content\/uploads\/2022\/04\/MARIAN-ZAMFIRESCU-2.png\" alt class=\"lazyload img-responsive wp-image-3014\" srcset=\"data:image\/svg+xml,%3Csvg%20xmlns%3D%27http%3A%2F%2Fwww.w3.org%2F2000%2Fsvg%27%20width%3D%27511%27%20height%3D%27516%27%20viewBox%3D%270%200%20511%20516%27%3E%3Crect%20width%3D%27511%27%20height%3D%27516%27%20fill-opacity%3D%220%22%2F%3E%3C%2Fsvg%3E\" data-srcset=\"https:\/\/experientialsynapse.com\/wp-content\/uploads\/2022\/04\/MARIAN-ZAMFIRESCU-2-200x202.png 200w, https:\/\/experientialsynapse.com\/wp-content\/uploads\/2022\/04\/MARIAN-ZAMFIRESCU-2-400x404.png 400w, https:\/\/experientialsynapse.com\/wp-content\/uploads\/2022\/04\/MARIAN-ZAMFIRESCU-2.png 511w\" data-sizes=\"auto\" data-orig-sizes=\"(max-width: 414px) 100vw, 400px\" \/><\/span><\/div><\/div><style type=\"text\/css\">.fusion-body .fusion-builder-column-0{width:33.333333333333% !important;margin-top : 0px;margin-bottom : 0px;}.fusion-builder-column-0 > .fusion-column-wrapper {padding-top : 0px !important;padding-right : 0px !important;margin-right : 20.16%;padding-bottom : 0px !important;padding-left : 0px !important;margin-left : 5.76%;}@media only screen and (max-width:1280px) {.fusion-body .fusion-builder-column-0{width:40% !important;order : 0;}.fusion-builder-column-0 > .fusion-column-wrapper {margin-right : 9.6%;margin-left : 4.8%;}}@media only screen and (max-width:414px) {.fusion-body .fusion-builder-column-0{width:100% !important;order : 0;margin-bottom : 40px;}.fusion-builder-column-0 > .fusion-column-wrapper {margin-right : 1.92%;margin-left : 1.92%;}}<\/style><\/div><div class=\"fusion-layout-column fusion_builder_column fusion-builder-column-1 fusion_builder_column_2_3 2_3 fusion-flex-column fusion-animated\" data-animationType=\"fadeInLeft\" data-animationDuration=\"1.3\" data-animationOffset=\"top-into-view\"><div class=\"fusion-column-wrapper fusion-flex-justify-content-center fusion-content-layout-column\" style=\"background-position:left top;background-repeat:no-repeat;-webkit-background-size:cover;-moz-background-size:cover;-o-background-size:cover;background-size:cover;padding: 0px 0px 0px 0px;\"><style type=\"text\/css\">@media only screen and (max-width:1280px) {.fusion-title.fusion-title-1{margin-top:10px!important; margin-right:0px!important;margin-bottom:30px!important;margin-left:0px!important;}}@media only screen and (max-width:414px) {.fusion-title.fusion-title-1{margin-top:10px!important; margin-right:0px!important;margin-bottom:10px!important; margin-left:0px!important;}}<\/style><div class=\"fusion-title title fusion-title-1 fusion-sep-none fusion-title-text fusion-title-size-four fusion-animated\" style=\"font-size:40px;margin-top:10px;margin-right:0px;margin-bottom:30px;margin-left:0px;\" data-animationType=\"flash\" data-animationDuration=\"0.3\" data-animationOffset=\"top-mid-of-view\"><h4 class=\"title-heading-left fusion-responsive-typography-calculated\" style=\"font-family:&quot;SYNAPSE GEOMETRY&quot;;font-weight:400;margin:0;font-size:1em;letter-spacing:-2px;color:var(--awb-color5);--fontSize:40;line-height:0.75;\">MARIAN ZAMFIRESCU<\/h4><\/div><style type=\"text\/css\">@media only screen and (max-width:1280px) {.fusion-title.fusion-title-2{margin-top:10px!important; margin-right:0px!important;margin-bottom:30px!important;margin-left:0px!important;}}@media only screen and (max-width:414px) {.fusion-title.fusion-title-2{margin-top:10px!important; margin-right:0px!important;margin-bottom:10px!important; margin-left:0px!important;}}<\/style><div class=\"fusion-title title fusion-title-2 fusion-sep-none fusion-title-text fusion-title-size-three\" style=\"font-size:20px;margin-top:10px;margin-right:0px;margin-bottom:30px;margin-left:0px;\"><h3 class=\"title-heading-left fusion-responsive-typography-calculated\" style=\"font-family:&quot;SYNAPSE GEOMETRY&quot;;font-weight:400;margin:0;font-size:1em;color:#ffffff;--fontSize:20;line-height:1;\"><p class=\"title-heading-left fusion-responsive-typography-calculated\"><span class=\"JsGRdQ\">Cercetator stiintific\u00a0 |\u00a0 Conducator CETAL\u00a0 &#8211; Centrul de Tehnologii Avansate cu Laser<\/span><\/p><\/h3><\/div><div class=\"fusion-text fusion-text-1 fusion-text-no-margin\" style=\"font-size:16px;line-height:20px;letter-spacing:0px;color:var(--awb-color2);margin-bottom:45px;\"><p class=\"title-heading-justify fusion-responsive-typography-calculated\" style=\"text-align: left;\">Cercet\u0103tor \u0219tiin\u021bific: optic\u0103, spectroscopie, laseri. Absolvent al Facult\u0103\u021bii de Fizic\u0103 din M\u0103gurele. Doctor \u00een Fizica la Universitatea Blaise Pascal din Clermont-Ferrand, Fran\u021ba. Postdoctorat la Universitatea din Floren\u021ba, Italia. Din anul 2015 conduce Centrul de Tehnologii Avansate cu Laser (CETAL) din INFLPR. A colaborat cu arti\u0219ti consacra\u021bi \u00een proiecte de art\u0103 \u0219i \u0219tiin\u021b\u0103 pentru realizarea unor instala\u021bii artistice interactive: <a href=\"https:\/\/saintmachine.ro\/portfolio\/i-human\/\">iHUMAN &#8211; <\/a>artist Saint Machine, <a href=\"https:\/\/www.youtube.com\/watch?v=zsW8RcdGcWQ\">Perspectrum<\/a> &#8211; artist  Catalin Cretu, <a href=\"https:\/\/www.youtube.com\/watch?v=SS_qn5__rXo\">The Cell<\/a> &#8211; artist Peter Gate \u0219i <a href=\"https:\/\/www.youtube.com\/watch?v=66vYuQ6Sz3E\">Particule Afective <\/a> &#8211; artist Sabina Suru.<\/p>\n<p style=\"text-align: left;\">In cadrul Synapse, a initiat seria de experimente Internetul Fiintelor Vii (Internetul Skaterilor si Internetul Microorganismelor), dezvoltandu-l alaturi de studenti din cadrul Universitatii Politehnica Bucuresti &#8211; Facultatea de Stiinte Aplicate si studenti de la Universitatea Bucuresti &#8211; Facultatea de Fizica de la M\u0103gurele. Senzori. Directii de miscare. Vibratii. Informatii digitale ce poarta\u0306 cu ele emot\u0326iile s\u0326i tra\u0306irile, caderile s\u0326i victoriile skaterilor, vor fi transpuse de studenti\/masteranzi CINETic &#8211; UNATC Bucuresti si UNArte Bucuresti i\u0302n imagini, sunete, experiente digitale.<\/p>\n<\/div><\/div><style type=\"text\/css\">.fusion-body .fusion-builder-column-1{width:66.666666666667% !important;margin-top : 0px;margin-bottom : 0px;}.fusion-builder-column-1 > .fusion-column-wrapper {padding-top : 0px !important;padding-right : 0px !important;margin-right : 2.88%;padding-bottom : 0px !important;padding-left : 0px !important;margin-left : 2.88%;}@media only screen and (max-width:1280px) {.fusion-body .fusion-builder-column-1{width:60% !important;order : 0;margin-top : 2vw;margin-bottom : 2vw;}.fusion-builder-column-1 > .fusion-column-wrapper {margin-right : 3.2%;margin-left : 3.2%;}}@media only screen and (max-width:414px) {.fusion-body .fusion-builder-column-1{width:100% !important;order : 1;}.fusion-builder-column-1 > .fusion-column-wrapper {margin-right : 1.92%;margin-left : 1.92%;}}<\/style><\/div><\/div><style type=\"text\/css\">.fusion-fullwidth.fusion-builder-row-1 a:not(.awb-custom-text-color):not(.fusion-button):not(.fusion-builder-module-control):not(.fusion-social-network-icon):not(.fb-icon-element):not(.fusion-countdown-link):not(.fusion-rollover-link):not(.fusion-rollover-gallery):not(.fusion-button-bar):not(.add_to_cart_button):not(.show_details_button):not(.product_type_external):not(.fusion-view-cart):not(.fusion-quick-view):not(.fusion-rollover-title-link):not(.fusion-breadcrumb-link) , .fusion-fullwidth.fusion-builder-row-1 a:not(.awb-custom-text-color):not(.fusion-button):not(.fusion-builder-module-control):not(.fusion-social-network-icon):not(.fb-icon-element):not(.fusion-countdown-link):not(.fusion-rollover-link):not(.fusion-rollover-gallery):not(.fusion-button-bar):not(.add_to_cart_button):not(.show_details_button):not(.product_type_external):not(.fusion-view-cart):not(.fusion-quick-view):not(.fusion-rollover-title-link):not(.fusion-breadcrumb-link):before, .fusion-fullwidth.fusion-builder-row-1 a:not(.awb-custom-text-color):not(.fusion-button):not(.fusion-builder-module-control):not(.fusion-social-network-icon):not(.fb-icon-element):not(.fusion-countdown-link):not(.fusion-rollover-link):not(.fusion-rollover-gallery):not(.fusion-button-bar):not(.add_to_cart_button):not(.show_details_button):not(.product_type_external):not(.fusion-view-cart):not(.fusion-quick-view):not(.fusion-rollover-title-link):not(.fusion-breadcrumb-link):after {color: #007c89;}.fusion-fullwidth.fusion-builder-row-1 a:not(.awb-custom-text-hover-color):not(.fusion-button):not(.fusion-builder-module-control):not(.fusion-social-network-icon):not(.fb-icon-element):not(.fusion-countdown-link):not(.fusion-rollover-link):not(.fusion-rollover-gallery):not(.fusion-button-bar):not(.add_to_cart_button):not(.show_details_button):not(.product_type_external):not(.fusion-view-cart):not(.fusion-quick-view):not(.fusion-rollover-title-link):not(.fusion-breadcrumb-link):hover, .fusion-fullwidth.fusion-builder-row-1 a:not(.awb-custom-text-hover-color):not(.fusion-button):not(.fusion-builder-module-control):not(.fusion-social-network-icon):not(.fb-icon-element):not(.fusion-countdown-link):not(.fusion-rollover-link):not(.fusion-rollover-gallery):not(.fusion-button-bar):not(.add_to_cart_button):not(.show_details_button):not(.product_type_external):not(.fusion-view-cart):not(.fusion-quick-view):not(.fusion-rollover-title-link):not(.fusion-breadcrumb-link):hover:before, .fusion-fullwidth.fusion-builder-row-1 a:not(.awb-custom-text-hover-color):not(.fusion-button):not(.fusion-builder-module-control):not(.fusion-social-network-icon):not(.fb-icon-element):not(.fusion-countdown-link):not(.fusion-rollover-link):not(.fusion-rollover-gallery):not(.fusion-button-bar):not(.add_to_cart_button):not(.show_details_button):not(.product_type_external):not(.fusion-view-cart):not(.fusion-quick-view):not(.fusion-rollover-title-link):not(.fusion-breadcrumb-link):hover:after {color: #005663;}.fusion-fullwidth.fusion-builder-row-1 .pagination a.inactive:hover, .fusion-fullwidth.fusion-builder-row-1 .fusion-filters .fusion-filter.fusion-active a {border-color: #005663;}.fusion-fullwidth.fusion-builder-row-1 .pagination .current {border-color: #005663; background-color: #005663;}.fusion-fullwidth.fusion-builder-row-1 .fusion-filters .fusion-filter.fusion-active a, .fusion-fullwidth.fusion-builder-row-1 .fusion-date-and-formats .fusion-format-box, .fusion-fullwidth.fusion-builder-row-1 .fusion-popover, .fusion-fullwidth.fusion-builder-row-1 .tooltip-shortcode {color: #005663;}#wrapper .fusion-fullwidth.fusion-builder-row-1 .fusion-widget-area .fusion-vertical-menu-widget .menu li.current_page_ancestor > a, #wrapper .fusion-fullwidth.fusion-builder-row-1 .fusion-widget-area .fusion-vertical-menu-widget .menu li.current_page_ancestor > a:before, #wrapper .fusion-fullwidth.fusion-builder-row-1 .fusion-widget-area .fusion-vertical-menu-widget .current-menu-item > a, #wrapper .fusion-fullwidth.fusion-builder-row-1 .fusion-widget-area .fusion-vertical-menu-widget .current-menu-item > a:before, #wrapper .fusion-fullwidth.fusion-builder-row-1 .fusion-widget-area .fusion-vertical-menu-widget .current_page_item > a, #wrapper .fusion-fullwidth.fusion-builder-row-1 .fusion-widget-area .fusion-vertical-menu-widget .current_page_item > a:before {color: #005663;}#wrapper .fusion-fullwidth.fusion-builder-row-1 .fusion-widget-area .widget_nav_menu .menu li.current_page_ancestor > a, #wrapper .fusion-fullwidth.fusion-builder-row-1 .fusion-widget-area .widget_nav_menu .menu li.current_page_ancestor > a:before, #wrapper .fusion-fullwidth.fusion-builder-row-1 .fusion-widget-area .widget_nav_menu .current-menu-item > a, #wrapper .fusion-fullwidth.fusion-builder-row-1 .fusion-widget-area .widget_nav_menu .current-menu-item > a:before, #wrapper .fusion-fullwidth.fusion-builder-row-1 .fusion-widget-area .widget_nav_menu .current_page_item > a, #wrapper .fusion-fullwidth.fusion-builder-row-1 .fusion-widget-area .widget_nav_menu .current_page_item > a:before {color: #005663;}#wrapper .fusion-fullwidth.fusion-builder-row-1 .fusion-vertical-menu-widget .menu li.current_page_item > a { border-right-color:#005663;border-left-color:#005663;}#wrapper .fusion-fullwidth.fusion-builder-row-1 .fusion-widget-area .tagcloud a:hover { color: #fff; background-color: #005663;border-color: #005663;}#main .fusion-fullwidth.fusion-builder-row-1 .post .blog-shortcode-post-title a:hover {color: #005663;}.fusion-body .fusion-flex-container.fusion-builder-row-1{ padding-top : 60px;margin-top : 0px;padding-right : 0px;padding-bottom : 60px;margin-bottom : 0px;padding-left : 0px;}@media only screen and (max-width:1280px) {.fusion-body .fusion-flex-container.fusion-builder-row-1{ padding-top : 72px;padding-bottom : 72px;}}@media only screen and (max-width:414px) {.fusion-body .fusion-flex-container.fusion-builder-row-1{ padding-top : 48px;padding-bottom : 48px;padding-left : 30px;}}<\/style><\/div>\n","protected":false},"excerpt":{"rendered":"","protected":false},"author":2,"featured_media":3014,"parent":0,"menu_order":0,"comment_status":"closed","ping_status":"closed","template":"","meta":{"footnotes":""},"class_list":["post-3305","page","type-page","status-publish","has-post-thumbnail","hentry"],"_links":{"self":[{"href":"https:\/\/experientialsynapse.com\/index.php\/wp-json\/wp\/v2\/pages\/3305","targetHints":{"allow":["GET"]}}],"collection":[{"href":"https:\/\/experientialsynapse.com\/index.php\/wp-json\/wp\/v2\/pages"}],"about":[{"href":"https:\/\/experientialsynapse.com\/index.php\/wp-json\/wp\/v2\/types\/page"}],"author":[{"embeddable":true,"href":"https:\/\/experientialsynapse.com\/index.php\/wp-json\/wp\/v2\/users\/2"}],"replies":[{"embeddable":true,"href":"https:\/\/experientialsynapse.com\/index.php\/wp-json\/wp\/v2\/comments?post=3305"}],"version-history":[{"count":7,"href":"https:\/\/experientialsynapse.com\/index.php\/wp-json\/wp\/v2\/pages\/3305\/revisions"}],"predecessor-version":[{"id":4062,"href":"https:\/\/experientialsynapse.com\/index.php\/wp-json\/wp\/v2\/pages\/3305\/revisions\/4062"}],"wp:featuredmedia":[{"embeddable":true,"href":"https:\/\/experientialsynapse.com\/index.php\/wp-json\/wp\/v2\/media\/3014"}],"wp:attachment":[{"href":"https:\/\/experientialsynapse.com\/index.php\/wp-json\/wp\/v2\/media?parent=3305"}],"curies":[{"name":"wp","href":"https:\/\/api.w.org\/{rel}","templated":true}]}}